{"id":55,"date":"2021-03-01T12:06:40","date_gmt":"2021-03-01T12:06:40","guid":{"rendered":"https:\/\/kimube.de\/?page_id=55"},"modified":"2021-03-01T12:06:40","modified_gmt":"2021-03-01T12:06:40","slug":"datenschutz-impressum","status":"publish","type":"page","link":"https:\/\/kimube.de\/?page_id=55","title":{"rendered":"Datenschutz\/Impressum"},"content":{"rendered":"\n<p><strong><em>Datenschutz:<\/em><\/strong><\/p>\n\n\n\n<p>Beim Aufruf dieser Webseite durch Besucher werden die IP-Adressen dieser Besucher erfasst und in Logfiles gespeichert. Die IP-Adressen der Besucher Ihrer Webseiten speichern wir zur Erkennung und Abwehr von Angriffen maximal sieben Tage.<\/p>\n\n\n\n<p>Grundlegend verwendet jede Website Session-Cookies. Session-Cookies speichern den Internetaufruf tempor\u00e4r und werden mit dem Schlie\u00dfen des Browsers gel\u00f6scht. Diese Art von Cookies speichert keine Informationen \u00fcber den Benutzer.<\/p>\n\n\n\n<figure class=\"wp-block-embed\"><div class=\"wp-block-embed__wrapper\">\nhttps:\/\/www.strato.de\/\n<\/div><\/figure>\n\n\n\n<p><strong><em>Links auf Seiten anderer Anbieter:<\/em><\/strong><\/p>\n\n\n\n<p><br>Diese Webseiten unterliegen der Haftung der jeweiligen Seitenbetreiber, die Nutzung dieser Webseiteninhalte erfolgt auf eigene Gefahr.<\/p>\n\n\n\n<p><strong>DISCLAIMER<\/strong><\/p>\n\n\n\n<p><strong>1. Warnhinweis zu Inhalten<\/strong><\/p>\n\n\n\n<p>Die kostenlosen und frei zug\u00e4nglichen Inhalte dieser Webseite wurden mit gr\u00f6\u00dftm\u00f6glicher Sorgfalt erstellt. Der Anbieter dieser Webseite \u00fcbernimmt jedoch keine Gew\u00e4hr f\u00fcr die Richtigkeit und Aktualit\u00e4t der bereitgestellten kostenlosen und frei zug\u00e4nglichen journalistischen Ratgeber und Nachrichten. Die Nutzung dieser Webseiteninhalte erfolgt auf eigene Gefahr. Allein durch den Aufruf dieser kostenlosen und frei zug\u00e4nglichen Inhalte kommt keinerlei Vertragsverh\u00e4ltnis zwischen dem Nutzer und dem Anbieter zustande, insoweit fehlt es am Rechtsbindungswillen des Anbieters.<\/p>\n\n\n\n<p><strong>2. Verlinkungen<\/strong><\/p>\n\n\n\n<p>Die Webseite enth\u00e4lt Verlinkungen zu anderen Webseiten (&#8222;externe Links&#8220;). Diese Webseiten unterliegen der Haftung der jeweiligen Seitenbetreiber. Bei Verkn\u00fcpfung der externen Links waren keine Rechtsverst\u00f6\u00dfe ersichtlich. Auf die aktuelle und k\u00fcnftige Gestaltung der verlinkten Seiten hat der Anbieter keinen Einfluss. Die permanente \u00dcberpr\u00fcfung der externen Links ist f\u00fcr den Anbieter ohne konkrete Hinweise auf Rechtsverst\u00f6\u00dfe nicht zumutbar. Bei Bekanntwerden von Rechtsverst\u00f6\u00dfen werden die betroffenen externen Links unverz\u00fcglich gel\u00f6scht.<\/p>\n\n\n\n<p><strong>3. Urheberrecht \/ Leistungsschutzrecht<\/strong><\/p>\n\n\n\n<p>Die auf dieser Webseite durch den Anbieter ver\u00f6ffentlichten Inhalte unterliegen dem deutschen Urheberrecht und Leistungsschutzrecht. Alle vom deutschen Urheber- und Leistungsschutzrecht nicht zugelassene Verwertung bedarf der vorherigen schriftlichen Zustimmung des Anbieters oder jeweiligen Rechteinhabers. Dies gilt vor allem f\u00fcr Vervielf\u00e4ltigung, Bearbeitung, \u00dcbersetzung, Einspeicherung, Verarbeitung bzw. Wiedergabe von Inhalten in Datenbanken oder anderen elektronischen Medien und Systemen. Dabei sind Inhalte und Rechte Dritter als solche gekennzeichnet. Das unerlaubte Kopieren der Webseiteninhalte oder der kompletten Webseite ist nicht gestattet und strafbar. Lediglich die Herstellung von Kopien und Downloads f\u00fcr den pers\u00f6nlichen, privaten und nicht kommerziellen Gebrauch ist erlaubt.<\/p>\n\n\n\n<p>Diese Website darf ohne schriftliche Erlaubnis nicht durch Dritte in Frames oder iFrames dargestellt werden.<\/p>\n\n\n\n<p><strong>4. Keine Werbung<\/strong> Die Verwendung der Kontaktdaten des Impressums zur gewerblichen Werbung ist ausdr\u00fccklich nicht erw\u00fcnscht, es sei denn der Anbieter hatte zuvor seine schriftliche Einwilligung erteilt oder es besteht bereits eine Gesch\u00e4ftsbeziehung. Der Anbieter und alle auf dieser Website genannten Personen widersprechen hiermit jeder kommerziellenVerwendung und Weitergabe ihrer Daten.<\/p>\n\n\n\n<p><strong>5. Besondere Nutzungsbedingungen<\/strong><\/p>\n\n\n\n<p>Soweit besondere Bedingungen f\u00fcr einzelne Nutzungen dieser Website von den vorgenannten Nummern 1. bis 4. abweichen, wird an entsprechender Stelle ausdr\u00fccklich darauf hingewiesen. In diesem Falle gelten im jeweiligen Einzelfall die besonderen Bedingungen.<br><br>Quelle: <a href=\"https:\/\/www.fachanwalt.de\/disclaimer-vorlage\/\">Disclaimer Vorlage von fachanwalt.de<\/a><\/p>\n\n\n\n<p><\/p>\n\n\n\n<p>Inhaberin und Verantwortliche f\u00fcr die redaktionellen Inhalte gem\u00e4\u00df \u00a7 6 MDStV:<\/p>\n\n\n\n<p>Claudia Fester<br>Lindenbuschweg 64<br>50226 Frechen<br>\u00a0<br>Telefon: 02234.956672<br>\u00a0<br>mail: <a href=\"mailto:Claudia@kinderforum-frechen.de\">info@kimube.de\u00a0<\/a><\/p>\n","protected":false},"excerpt":{"rendered":"<p>Datenschutz: Beim Aufruf dieser Webseite durch Besucher werden die IP-Adressen dieser Besucher erfasst und in Logfiles gespeichert. Die IP-Adressen der Besucher Ihrer [&hellip;]<\/p>\n","protected":false},"author":1,"featured_media":0,"parent":0,"menu_order":0,"comment_status":"closed","ping_status":"closed","template":"","meta":{"footnotes":""},"class_list":["post-55","page","type-page","status-publish","hentry"],"_links":{"self":[{"href":"https:\/\/kimube.de\/index.php?rest_route=\/wp\/v2\/pages\/55","targetHints":{"allow":["GET"]}}],"collection":[{"href":"https:\/\/kimube.de\/index.php?rest_route=\/wp\/v2\/pages"}],"about":[{"href":"https:\/\/kimube.de\/index.php?rest_route=\/wp\/v2\/types\/page"}],"author":[{"embeddable":true,"href":"https:\/\/kimube.de\/index.php?rest_route=\/wp\/v2\/users\/1"}],"replies":[{"embeddable":true,"href":"https:\/\/kimube.de\/index.php?rest_route=%2Fwp%2Fv2%2Fcomments&post=55"}],"version-history":[{"count":1,"href":"https:\/\/kimube.de\/index.php?rest_route=\/wp\/v2\/pages\/55\/revisions"}],"predecessor-version":[{"id":57,"href":"https:\/\/kimube.de\/index.php?rest_route=\/wp\/v2\/pages\/55\/revisions\/57"}],"wp:attachment":[{"href":"https:\/\/kimube.de\/index.php?rest_route=%2Fwp%2Fv2%2Fmedia&parent=55"}],"curies":[{"name":"wp","href":"https:\/\/api.w.org\/{rel}","templated":true}]}}