{"id":50,"date":"2021-03-01T11:55:56","date_gmt":"2021-03-01T11:55:56","guid":{"rendered":"https:\/\/kimube.de\/?page_id=50"},"modified":"2026-02-23T19:59:47","modified_gmt":"2026-02-23T19:59:47","slug":"ueber-mich","status":"publish","type":"page","link":"https:\/\/kimube.de\/?page_id=50","title":{"rendered":"\u00dcber mich"},"content":{"rendered":"\n<p><img loading=\"lazy\" decoding=\"async\" width=\"150\" height=\"200\" class=\"wp-image-69\" style=\"width: 150px;\" src=\"https:\/\/kimube.de\/wp-content\/uploads\/2021\/03\/big_51227327_0_250-334.jpg\" alt=\"\" srcset=\"https:\/\/kimube.de\/wp-content\/uploads\/2021\/03\/big_51227327_0_250-334.jpg 250w, https:\/\/kimube.de\/wp-content\/uploads\/2021\/03\/big_51227327_0_250-334-225x300.jpg 225w, https:\/\/kimube.de\/wp-content\/uploads\/2021\/03\/big_51227327_0_250-334-230x307.jpg 230w\" sizes=\"auto, (max-width: 150px) 100vw, 150px\" \/><\/p>\n\n\n\n<p class=\"has-black-color has-text-color has-link-color wp-elements-eae9204354721c9d0f42dc8464c69595\">geboren und aufgewachsen in Br\u00fchl, seit 1998 Bachemerin, verheiratet, Mutter von 2 S\u00f6hnen.<\/p>\n\n\n\n<p class=\"has-black-color has-text-color has-link-color wp-elements-52daa056d7fecc6dfbf3cf08922cbe36\">langj\u00e4hrige Instrumentalausbildung in Blockfl\u00f6ten und&nbsp;Klavier<\/p>\n\n\n\n<p class=\"has-black-color has-text-color has-link-color wp-elements-e56f021910a86f8952fe48dd573f1119\">mehrj\u00e4hrige Ausbildung in Kirchenorgel und Geige\/Bratsche, Unterricht in (E-)Gitarre, langj\u00e4hrige Chormitgliedschaften, ehemals Orchestermitglied (Geige) und aktives Bandmitglied (Keys, Gitarre, Gesang), seit 2007 unterrichte ich freiberuflich in den F\u00e4chern Gitarre und Klavier&nbsp;<\/p>\n\n\n\n<p class=\"has-black-color has-text-color has-link-color wp-elements-669ed54cd08325261eec4e499b235d0d\"><br><strong>Ausbildungen:<\/strong><\/p>\n\n\n\n<p class=\"has-black-color has-text-color has-link-color wp-elements-40862000a4a2d273715bdcc0941376f0\">Abitur am St. Ursula-Gymnasium in Br\u00fchl<\/p>\n\n\n\n<p class=\"has-black-color has-text-color has-link-color wp-elements-55d71dca8a0ee861b008c3e756d3910b\">Ausbildung zur Chemielaborantin bei den Rheinischen Olefinwerken Wesseling, Berufst\u00e4tigkeit bis zur Geburt der Kinder<\/p>\n\n\n\n<p class=\"has-black-color has-text-color has-link-color wp-elements-df11a81f0cca5faf73886840c0fa0f0b\">\u00dcbungsleiterin C-Lizenz Breitensport 1995 LSB<br>\u00dcbungsleiterin B-Lizenz Pr\u00e4vention Gesundheitsf\u00f6rderung f\u00fcr Kinder, LSB NRW 2015 (\u00dcbungsleiterin von 2000-2019 bei TS-Frechen)<\/p>\n\n\n\n<p class=\"has-black-color has-text-color has-link-color wp-elements-158f6308ef8b11a0e03b131d4774b972\">Tagesmutter (Curriculum Tagesm\u00fctter-Bundesverband) 1999<\/p>\n\n\n\n<p class=\"has-black-color has-text-color has-link-color wp-elements-e845af294ce80a22a82008e7ca90b990\">Eltern-Kind-Kursleiterin (Erzdi\u00f6zese K\u00f6ln) 2001-2003<\/p>\n\n\n\n<p class=\"has-black-color has-text-color has-link-color wp-elements-60c7f057a765ef4297e6ce4cf690b337\">Musikgartenlehrkraft (IfeM Mainz) 2003, regelm\u00e4\u00dfige Weiterbildungen und g\u00fcltige Lizenz<\/p>\n\n\n\n<p class=\"has-black-color has-text-color has-link-color wp-elements-c0ca8bd4d050571c015cb0e219f7f84a\">Tastenkinderlizenzlehrgang (Lorna Lutz-Heyge \/ G.&amp;R. Zimmermann) 2011<\/p>\n\n\n\n<p class=\"has-black-color has-text-color has-link-color wp-elements-6340cd5f7d8f2c3e8794e4cb77404863\">Weiterbildung zur Elementaren Musikp\u00e4dagogin an der Landesmusikakademie Rheinland-Pfalz 2011 &#8211; 2013<\/p>\n\n\n\n<p class=\"has-black-color has-text-color has-link-color wp-elements-4bfdc9ec545a67b80722cdb030edd43c\">Lizenzlehrgang zur 1st.-MUSIC-Dozentin 2014<\/p>\n\n\n\n<p class=\"has-black-color has-text-color has-link-color wp-elements-25de0918ec099a63cf3fde0753ecfe19\"><a href=\"http:\/\/www.1st-music.de\" target=\"_blank\" rel=\"noreferrer noopener\">MUSIC-KIDS Orientierungskurs mit 4-5 Instrumenten ab 4-7 Jahren<\/a><\/p>\n\n\n\n<p class=\"has-black-color has-text-color has-link-color wp-elements-f72a7cfc249f12baf8c0426e0cd7efdb\"><a href=\"https:\/\/christoph-haas.eu\/\" data-type=\"URL\" target=\"_blank\" rel=\"noreferrer noopener\">Fortbildung Circle Drumming <\/a> 2006<\/p>\n\n\n\n<p class=\"has-black-color has-text-color has-link-color wp-elements-b41da6f79f76c4c18fdb93df6dc83a59\"><a rel=\"noreferrer noopener\" href=\"http:\/\/www.jelgi.com\/\" target=\"_blank\" class=\"broken_link\">Fortbildung Jelgi &#8211; jeder lernt Gitarre (Dr. Zdo Zilkens, D\u00fcsseldorf)<\/a> 2014<\/p>\n\n\n\n<p class=\"has-black-color has-text-color has-link-color wp-elements-38f2405b471ca36c5bb922f3f048b97c\"><a rel=\"noreferrer noopener\" href=\"http:\/\/lasomitimketa.de\/\" data-type=\"URL\" target=\"_blank\">Fortbildung Sopranblockl\u00f6te in Grund- und Musikschule (Franziska Augustin)<\/a> 2017<\/p>\n\n\n\n<p class=\"has-black-color has-text-color has-link-color wp-elements-edc53bb46a4d26e3fb22c7cf2733ea9a\"><a rel=\"noreferrer noopener\" href=\"https:\/\/www.ifem-seminare.info\/info\/unsere-unterrichtskonzepte\/babybauchtoene\/das-konzept\/\" target=\"_blank\" class=\"broken_link\">Fortbildung BabyBauchT\u00f6ne, IfeM Mainz, Martina Dames<\/a> 2018<\/p>\n\n\n\n<p class=\"has-black-color has-text-color has-link-color wp-elements-b14f621494d4100530f85b30d364a468\"><a rel=\"noreferrer noopener\" href=\"https:\/\/www.hoppla-kindermusik.de\/\" type=\"URL\" id=\"https:\/\/www.hoppla-kindermusik.de\/\" target=\"_blank\" class=\"broken_link\">Fortbildung Ukulele &#8211; Liedbegleitung (Birte Reuver)<\/a> 2021<\/p>\n\n\n\n<p class=\"has-black-color has-text-color has-link-color wp-elements-74110ba48bfa7e136fac74ec9ea615e0\">Aktive Kursleiterin seit 2000<\/p>\n\n\n\n<p class=\"has-black-color has-text-color has-link-color wp-elements-7b6217ee976fa74453000423a222024a\"><strong>Sonstiges:<\/strong><\/p>\n\n\n\n<p class=\"has-black-color has-text-color has-link-color wp-elements-cdf4ca241d0ca4f8d1087cb9acacc027\"><a href=\"https:\/\/dtkv.net\" data-type=\"URL\" data-id=\"https:\/\/dtkv.net\" target=\"_blank\" rel=\"noreferrer noopener\">Mitglied im Deutschen Tonk\u00fcnstlerverband<\/a><\/p>\n\n\n\n<p class=\"has-black-color has-text-color has-link-color wp-elements-4bdf60312aeaa5cf765ea2ad77f3a731\"><a rel=\"noreferrer noopener\" href=\"https:\/\/kinderforum-rheinerft.de\" target=\"_blank\">Initiatorin und Betreuerin des Kinderforum-RheinErft.de<\/a> (vormals Kinderforum-Frechen.de)<\/p>\n\n\n\n<p class=\"has-black-color has-text-color has-link-color wp-elements-ab0a7f1c824e95d7bc5860b668797ed3\"><strong>Kontakt:<\/strong><\/p>\n\n\n\n<p class=\"has-black-color has-text-color has-link-color wp-elements-3ae1ce30721a7f0b7e8a05feaac178f0\">Claudia Fester<\/p>\n\n\n\n<p class=\"has-black-color has-text-color has-link-color wp-elements-252aef0cea64da44f3cbb4d7020d5f00\">Lindenbuschweg 64<\/p>\n\n\n\n<p class=\"has-black-color has-text-color has-link-color wp-elements-2be58bff7a2756e24cae78ad133986a3\">50226 Frechen<\/p>\n\n\n\n<p class=\"has-black-color has-text-color has-link-color wp-elements-a66c9b552416dd2b2c0fac1600c0ac43\">Tel: 02234\/956672<\/p>\n\n\n\n<p class=\"has-black-color has-text-color has-link-color wp-elements-bc04ba8d4a5fcb9d8fbe4f3815f46b9e\">info@kimube.de<\/p>\n","protected":false},"excerpt":{"rendered":"<p>geboren und aufgewachsen in Br\u00fchl, seit 1998 Bachemerin, verheiratet, Mutter von 2 S\u00f6hnen. langj\u00e4hrige Instrumentalausbildung in Blockfl\u00f6ten und&nbsp;Klavier mehrj\u00e4hrige Ausbildung in Kirchenorgel [&hellip;]<\/p>\n","protected":false},"author":1,"featured_media":0,"parent":0,"menu_order":0,"comment_status":"closed","ping_status":"closed","template":"","meta":{"footnotes":""},"class_list":["post-50","page","type-page","status-publish","hentry"],"_links":{"self":[{"href":"https:\/\/kimube.de\/index.php?rest_route=\/wp\/v2\/pages\/50","targetHints":{"allow":["GET"]}}],"collection":[{"href":"https:\/\/kimube.de\/index.php?rest_route=\/wp\/v2\/pages"}],"about":[{"href":"https:\/\/kimube.de\/index.php?rest_route=\/wp\/v2\/types\/page"}],"author":[{"embeddable":true,"href":"https:\/\/kimube.de\/index.php?rest_route=\/wp\/v2\/users\/1"}],"replies":[{"embeddable":true,"href":"https:\/\/kimube.de\/index.php?rest_route=%2Fwp%2Fv2%2Fcomments&post=50"}],"version-history":[{"count":17,"href":"https:\/\/kimube.de\/index.php?rest_route=\/wp\/v2\/pages\/50\/revisions"}],"predecessor-version":[{"id":175,"href":"https:\/\/kimube.de\/index.php?rest_route=\/wp\/v2\/pages\/50\/revisions\/175"}],"wp:attachment":[{"href":"https:\/\/kimube.de\/index.php?rest_route=%2Fwp%2Fv2%2Fmedia&parent=50"}],"curies":[{"name":"wp","href":"https:\/\/api.w.org\/{rel}","templated":true}]}}